{"id":362,"date":"2022-02-03T11:17:41","date_gmt":"2022-02-03T10:17:41","guid":{"rendered":"https:\/\/deine-website.sizzi.de\/?page_id=362"},"modified":"2022-02-07T17:06:18","modified_gmt":"2022-02-07T16:06:18","slug":"rund-um-sorglos","status":"publish","type":"page","link":"https:\/\/zimmermann-untermeitingen.de\/?page_id=362","title":{"rendered":"Rund-um-Sorglos-Programm"},"content":{"rendered":"\t\t<div data-elementor-type=\"wp-page\" data-elementor-id=\"362\" class=\"elementor elementor-362\">\n\t\t\t\t\t\t\t\t\t<section class=\"elementor-section elementor-top-section elementor-element elementor-element-a1d7199 elementor-section-boxed elementor-section-height-default elementor-section-height-default\" data-id=\"a1d7199\" data-element_type=\"section\" data-settings=\"{&quot;background_background&quot;:&quot;classic&quot;}\">\n\t\t\t\t\t\t<div class=\"elementor-container elementor-column-gap-default\">\n\t\t\t\t\t<div class=\"elementor-column elementor-col-100 elementor-top-column elementor-element elementor-element-1d0e18d\" data-id=\"1d0e18d\" data-element_type=\"column\">\n\t\t\t<div class=\"elementor-widget-wrap elementor-element-populated\">\n\t\t\t\t\t\t\t\t<div class=\"elementor-element elementor-element-ae39280 elementor-widget elementor-widget-spacer\" data-id=\"ae39280\" data-element_type=\"widget\" data-widget_type=\"spacer.default\">\n\t\t\t\t<div class=\"elementor-widget-container\">\n\t\t\t\t\t<div class=\"elementor-spacer\">\n\t\t\t<div class=\"elementor-spacer-inner\"><\/div>\n\t\t<\/div>\n\t\t\t\t<\/div>\n\t\t\t\t<\/div>\n\t\t\t\t<div class=\"elementor-element elementor-element-811b1d9 elementor-widget elementor-widget-spacer\" data-id=\"811b1d9\" data-element_type=\"widget\" data-widget_type=\"spacer.default\">\n\t\t\t\t<div class=\"elementor-widget-container\">\n\t\t\t\t\t<div class=\"elementor-spacer\">\n\t\t\t<div class=\"elementor-spacer-inner\"><\/div>\n\t\t<\/div>\n\t\t\t\t<\/div>\n\t\t\t\t<\/div>\n\t\t\t\t\t<\/div>\n\t\t<\/div>\n\t\t\t\t\t\t\t<\/div>\n\t\t<\/section>\n\t\t\t\t<section class=\"elementor-section elementor-top-section elementor-element elementor-element-3c1dd50 elementor-section-boxed elementor-section-height-default elementor-section-height-default\" data-id=\"3c1dd50\" data-element_type=\"section\" data-settings=\"{&quot;background_background&quot;:&quot;classic&quot;}\">\n\t\t\t\t\t\t<div class=\"elementor-container elementor-column-gap-default\">\n\t\t\t\t\t<div class=\"elementor-column elementor-col-100 elementor-top-column elementor-element elementor-element-7240c09\" data-id=\"7240c09\" data-element_type=\"column\">\n\t\t\t<div class=\"elementor-widget-wrap elementor-element-populated\">\n\t\t\t\t\t\t\t\t<div class=\"elementor-element elementor-element-51d75ff elementor-widget elementor-widget-spacer\" data-id=\"51d75ff\" data-element_type=\"widget\" data-widget_type=\"spacer.default\">\n\t\t\t\t<div class=\"elementor-widget-container\">\n\t\t\t\t\t<div class=\"elementor-spacer\">\n\t\t\t<div class=\"elementor-spacer-inner\"><\/div>\n\t\t<\/div>\n\t\t\t\t<\/div>\n\t\t\t\t<\/div>\n\t\t\t\t<div class=\"elementor-element elementor-element-0b153ad elementor-widget elementor-widget-heading\" data-id=\"0b153ad\" data-element_type=\"widget\" data-widget_type=\"heading.default\">\n\t\t\t\t<div class=\"elementor-widget-container\">\n\t\t\t<h2 class=\"elementor-heading-title elementor-size-default\">Die Opel Service  Komplettpreis-Offensive.\nF\u00fcr viele Opel PKW ab 5 Jahren nach Erstzulassung.<\/h2>\t\t<\/div>\n\t\t\t\t<\/div>\n\t\t\t\t<div class=\"elementor-element elementor-element-a04ec68 elementor-widget elementor-widget-image\" data-id=\"a04ec68\" data-element_type=\"widget\" data-widget_type=\"image.default\">\n\t\t\t\t<div class=\"elementor-widget-container\">\n\t\t\t\t\t\t\t\t\t\t\t\t\t\t\t<img loading=\"lazy\" decoding=\"async\" width=\"800\" height=\"334\" src=\"https:\/\/zimmermann-untermeitingen.de\/wp-content\/uploads\/2022\/02\/header-opel-1024x428.jpg\" class=\"attachment-large size-large wp-image-366\" alt=\"\" srcset=\"https:\/\/zimmermann-untermeitingen.de\/wp-content\/uploads\/2022\/02\/header-opel-1024x428.jpg 1024w, https:\/\/zimmermann-untermeitingen.de\/wp-content\/uploads\/2022\/02\/header-opel-300x125.jpg 300w, https:\/\/zimmermann-untermeitingen.de\/wp-content\/uploads\/2022\/02\/header-opel-768x321.jpg 768w, https:\/\/zimmermann-untermeitingen.de\/wp-content\/uploads\/2022\/02\/header-opel-1536x642.jpg 1536w, https:\/\/zimmermann-untermeitingen.de\/wp-content\/uploads\/2022\/02\/header-opel-2048x856.jpg 2048w\" sizes=\"auto, (max-width: 800px) 100vw, 800px\" \/>\t\t\t\t\t\t\t\t\t\t\t\t\t\t\t<\/div>\n\t\t\t\t<\/div>\n\t\t\t\t<div class=\"elementor-element elementor-element-6a1a70d elementor-widget elementor-widget-spacer\" data-id=\"6a1a70d\" data-element_type=\"widget\" data-widget_type=\"spacer.default\">\n\t\t\t\t<div class=\"elementor-widget-container\">\n\t\t\t\t\t<div class=\"elementor-spacer\">\n\t\t\t<div class=\"elementor-spacer-inner\"><\/div>\n\t\t<\/div>\n\t\t\t\t<\/div>\n\t\t\t\t<\/div>\n\t\t\t\t\t<\/div>\n\t\t<\/div>\n\t\t\t\t\t\t\t<\/div>\n\t\t<\/section>\n\t\t\t\t<section class=\"elementor-section elementor-top-section elementor-element elementor-element-0794b41 elementor-section-boxed elementor-section-height-default elementor-section-height-default\" data-id=\"0794b41\" data-element_type=\"section\" data-settings=\"{&quot;background_background&quot;:&quot;classic&quot;}\">\n\t\t\t\t\t\t<div class=\"elementor-container elementor-column-gap-default\">\n\t\t\t\t\t<div class=\"elementor-column elementor-col-100 elementor-top-column elementor-element elementor-element-5b41a59\" data-id=\"5b41a59\" data-element_type=\"column\">\n\t\t\t<div class=\"elementor-widget-wrap elementor-element-populated\">\n\t\t\t\t\t\t\t\t<div class=\"elementor-element elementor-element-047a47d elementor-widget elementor-widget-heading\" data-id=\"047a47d\" data-element_type=\"widget\" data-widget_type=\"heading.default\">\n\t\t\t\t<div class=\"elementor-widget-container\">\n\t\t\t<h2 class=\"elementor-heading-title elementor-size-default\">Die Opel Service Komplettpreis-Angebote\u00b9   <\/h2>\t\t<\/div>\n\t\t\t\t<\/div>\n\t\t\t\t<div class=\"elementor-element elementor-element-957b0c4 elementor-widget elementor-widget-spacer\" data-id=\"957b0c4\" data-element_type=\"widget\" data-widget_type=\"spacer.default\">\n\t\t\t\t<div class=\"elementor-widget-container\">\n\t\t\t\t\t<div class=\"elementor-spacer\">\n\t\t\t<div class=\"elementor-spacer-inner\"><\/div>\n\t\t<\/div>\n\t\t\t\t<\/div>\n\t\t\t\t<\/div>\n\t\t\t\t<div class=\"elementor-element elementor-element-c9bfaab elementor-widget elementor-widget-text-editor\" data-id=\"c9bfaab\" data-element_type=\"widget\" data-widget_type=\"text-editor.default\">\n\t\t\t\t<div class=\"elementor-widget-container\">\n\t\t\t\t\t\t\t<p><strong>Mehr als 1.000 Originalteile inklusive Montage \u2013 zu sensationell g\u00fcnstigen Komplettpreisen<\/strong><\/p><p>Jedes Auto unterliegt bei der Nutzung einem gewissen Verschlei\u00df. Typische Verschlei\u00dfteile wie Auspuffendtopf, Bremsen, Zahnriemen oder Sto\u00dfd\u00e4mpfer m\u00fcssen irgendwann ersetzt werden. Wer das zu lange aufschiebt, riskiert eine erhebliche Beeintr\u00e4chtigung der Fahrsicherheit \u2013 nicht selten der Grund f\u00fcr teure Folgesch\u00e4den.<\/p><p>\u00a0<\/p><p><strong>Ab f\u00fcnf Jahren g\u00fcnstig fahren<\/strong><\/p><p>Profitieren Sie jetzt von der Opel Service Komplettpreis-Offensive: Egal ob Sie einen ADAM oder einen Vectra fahren \u2013 f\u00fcr viele Opel Pkw ab f\u00fcnf Jahren nach Erstzulassung erhalten Sie bei uns Opel Original Teile in hoher Qualit\u00e4t zu sensationellen Komplettpreisen. Inklusive Montage. Damit fahren Sie immer auf der sicheren Seite.<\/p><p>\u00a0<\/p><p><strong>Opel Tiefpreisgarantie:<sup>1<\/sup>\u00a0G\u00fcnstiger gibt\u2019s nicht!<\/strong><\/p><p>Zus\u00e4tzlich zu unseren Komplettpreis-Angeboten senken wir regelm\u00e4\u00dfig ein ausgew\u00e4hltes Teil noch weiter im Preis: unser Tiefpreisangebot mit Tiefpreisgarantie<sup>1<\/sup>. Achten Sie auf unsere tagesaktuellen Angebote!<\/p><p>\u00a0<\/p><p><strong>Noch Fragen?<\/strong><\/p><p>Unser Team vor Ort hilft Ihnen gerne weiter \u2013 auch mit weiteren attraktiven Opel Service-Angeboten!<\/p><p><sup>1\u00a0<\/sup>Die Opel Tiefpreisgarantie gilt nur bei Montage durch uns am Fahrzeug und nur bei Verwendung von Opel Original Teilen. Voraussetzung ist die Vorlage eines schriftlichen Wettbewerbsangebots: gesondert ausgewiesene Kalkulation von Opel Original Teilen und Lohn, nicht \u00e4lter als 14 Tage, Standort des Wettbewerbers innerhalb der BRD und innerhalb eines 30-km-Radius zu uns.<\/p>\t\t\t\t\t\t<\/div>\n\t\t\t\t<\/div>\n\t\t\t\t<div class=\"elementor-element elementor-element-346c5cd elementor-widget elementor-widget-image\" data-id=\"346c5cd\" data-element_type=\"widget\" data-widget_type=\"image.default\">\n\t\t\t\t<div class=\"elementor-widget-container\">\n\t\t\t\t\t\t\t\t\t\t\t\t\t\t\t<img loading=\"lazy\" decoding=\"async\" width=\"1024\" height=\"439\" src=\"https:\/\/zimmermann-untermeitingen.de\/wp-content\/uploads\/2022\/02\/image002.jpg\" class=\"attachment-full size-full wp-image-380\" alt=\"\" srcset=\"https:\/\/zimmermann-untermeitingen.de\/wp-content\/uploads\/2022\/02\/image002.jpg 1024w, https:\/\/zimmermann-untermeitingen.de\/wp-content\/uploads\/2022\/02\/image002-300x129.jpg 300w, https:\/\/zimmermann-untermeitingen.de\/wp-content\/uploads\/2022\/02\/image002-768x329.jpg 768w\" sizes=\"auto, (max-width: 1024px) 100vw, 1024px\" \/>\t\t\t\t\t\t\t\t\t\t\t\t\t\t\t<\/div>\n\t\t\t\t<\/div>\n\t\t\t\t<div class=\"elementor-element elementor-element-11d19fd elementor-widget elementor-widget-text-editor\" data-id=\"11d19fd\" data-element_type=\"widget\" data-widget_type=\"text-editor.default\">\n\t\t\t\t<div class=\"elementor-widget-container\">\n\t\t\t\t\t\t\t<p>Die gennanten Komplettpreis-Angebote, je nach Modell und Motorisierung, verstehen sich als unverbindliche Preisempfehlungen der Opel Automobile GmbH f\u00fcr Komplettpreise Inklusive Teile und Lohn. Die Opel Service Komplettpreis-Offensive gilt nur f\u00fcr Fahrzeuge ab f\u00fcnf Jahren nach Erstzulassung.<\/p><p>\u00a0<\/p>\t\t\t\t\t\t<\/div>\n\t\t\t\t<\/div>\n\t\t\t\t\t<\/div>\n\t\t<\/div>\n\t\t\t\t\t\t\t<\/div>\n\t\t<\/section>\n\t\t\t\t\t\t\t<\/div>\n\t\t","protected":false},"excerpt":{"rendered":"<p>Die Opel Service Komplettpreis-Offensive. F\u00fcr viele Opel PKW ab 5 Jahren nach Erstzulassung. Die Opel Service Komplettpreis-Angebote\u00b9 Mehr als 1.000 Originalteile inklusive Montage \u2013 zu sensationell g\u00fcnstigen Komplettpreisen Jedes Auto unterliegt bei der Nutzung einem gewissen Verschlei\u00df. Typische Verschlei\u00dfteile wie Auspuffendtopf, Bremsen, Zahnriemen oder Sto\u00dfd\u00e4mpfer m\u00fcssen irgendwann ersetzt werden. Wer das zu lange aufschiebt, riskiert [&hellip;]<\/p>\n","protected":false},"author":1,"featured_media":0,"parent":0,"menu_order":0,"comment_status":"closed","ping_status":"closed","template":"elementor_header_footer","meta":{"footnotes":""},"class_list":["post-362","page","type-page","status-publish","hentry"],"yoast_head":"<!-- This site is optimized with the Yoast SEO plugin v21.5 - https:\/\/yoast.com\/wordpress\/plugins\/seo\/ -->\n<title>Rund-um-Sorglos-Programm - Zimmermann<\/title>\n<meta name=\"robots\" content=\"index, follow, max-snippet:-1, max-image-preview:large, max-video-preview:-1\" \/>\n<link rel=\"canonical\" href=\"https:\/\/zimmermann-untermeitingen.de\/?page_id=362\" \/>\n<meta property=\"og:locale\" content=\"de_DE\" \/>\n<meta property=\"og:type\" content=\"article\" \/>\n<meta property=\"og:title\" content=\"Rund-um-Sorglos-Programm - Zimmermann\" \/>\n<meta property=\"og:description\" content=\"Die Opel Service Komplettpreis-Offensive. F\u00fcr viele Opel PKW ab 5 Jahren nach Erstzulassung. Die Opel Service Komplettpreis-Angebote\u00b9 Mehr als 1.000 Originalteile inklusive Montage \u2013 zu sensationell g\u00fcnstigen Komplettpreisen Jedes Auto unterliegt bei der Nutzung einem gewissen Verschlei\u00df. Typische Verschlei\u00dfteile wie Auspuffendtopf, Bremsen, Zahnriemen oder Sto\u00dfd\u00e4mpfer m\u00fcssen irgendwann ersetzt werden. Wer das zu lange aufschiebt, riskiert [&hellip;]\" \/>\n<meta property=\"og:url\" content=\"https:\/\/zimmermann-untermeitingen.de\/?page_id=362\" \/>\n<meta property=\"og:site_name\" content=\"Zimmermann\" \/>\n<meta property=\"article:modified_time\" content=\"2022-02-07T16:06:18+00:00\" \/>\n<meta property=\"og:image\" content=\"https:\/\/zimmermann-untermeitingen.de\/wp-content\/uploads\/2022\/02\/header-opel-1024x428.jpg\" \/>\n<meta name=\"twitter:card\" content=\"summary_large_image\" \/>\n<meta name=\"twitter:label1\" content=\"Gesch\u00e4tzte Lesezeit\" \/>\n\t<meta name=\"twitter:data1\" content=\"1\u00a0Minute\" \/>\n<script type=\"application\/ld+json\" class=\"yoast-schema-graph\">{\"@context\":\"https:\/\/schema.org\",\"@graph\":[{\"@type\":\"WebPage\",\"@id\":\"https:\/\/zimmermann-untermeitingen.de\/?page_id=362\",\"url\":\"https:\/\/zimmermann-untermeitingen.de\/?page_id=362\",\"name\":\"Rund-um-Sorglos-Programm - Zimmermann\",\"isPartOf\":{\"@id\":\"https:\/\/zimmermann-untermeitingen.de\/#website\"},\"datePublished\":\"2022-02-03T10:17:41+00:00\",\"dateModified\":\"2022-02-07T16:06:18+00:00\",\"breadcrumb\":{\"@id\":\"https:\/\/zimmermann-untermeitingen.de\/?page_id=362#breadcrumb\"},\"inLanguage\":\"de\",\"potentialAction\":[{\"@type\":\"ReadAction\",\"target\":[\"https:\/\/zimmermann-untermeitingen.de\/?page_id=362\"]}]},{\"@type\":\"BreadcrumbList\",\"@id\":\"https:\/\/zimmermann-untermeitingen.de\/?page_id=362#breadcrumb\",\"itemListElement\":[{\"@type\":\"ListItem\",\"position\":1,\"name\":\"Startseite\",\"item\":\"https:\/\/zimmermann-untermeitingen.de\/\"},{\"@type\":\"ListItem\",\"position\":2,\"name\":\"Rund-um-Sorglos-Programm\"}]},{\"@type\":\"WebSite\",\"@id\":\"https:\/\/zimmermann-untermeitingen.de\/#website\",\"url\":\"https:\/\/zimmermann-untermeitingen.de\/\",\"name\":\"Zimmermann\",\"description\":\"Autohaus\",\"potentialAction\":[{\"@type\":\"SearchAction\",\"target\":{\"@type\":\"EntryPoint\",\"urlTemplate\":\"https:\/\/zimmermann-untermeitingen.de\/?s={search_term_string}\"},\"query-input\":\"required name=search_term_string\"}],\"inLanguage\":\"de\"}]}<\/script>\n<!-- \/ Yoast SEO plugin. -->","yoast_head_json":{"title":"Rund-um-Sorglos-Programm - Zimmermann","robots":{"index":"index","follow":"follow","max-snippet":"max-snippet:-1","max-image-preview":"max-image-preview:large","max-video-preview":"max-video-preview:-1"},"canonical":"https:\/\/zimmermann-untermeitingen.de\/?page_id=362","og_locale":"de_DE","og_type":"article","og_title":"Rund-um-Sorglos-Programm - Zimmermann","og_description":"Die Opel Service Komplettpreis-Offensive. F\u00fcr viele Opel PKW ab 5 Jahren nach Erstzulassung. Die Opel Service Komplettpreis-Angebote\u00b9 Mehr als 1.000 Originalteile inklusive Montage \u2013 zu sensationell g\u00fcnstigen Komplettpreisen Jedes Auto unterliegt bei der Nutzung einem gewissen Verschlei\u00df. Typische Verschlei\u00dfteile wie Auspuffendtopf, Bremsen, Zahnriemen oder Sto\u00dfd\u00e4mpfer m\u00fcssen irgendwann ersetzt werden. Wer das zu lange aufschiebt, riskiert [&hellip;]","og_url":"https:\/\/zimmermann-untermeitingen.de\/?page_id=362","og_site_name":"Zimmermann","article_modified_time":"2022-02-07T16:06:18+00:00","og_image":[{"url":"https:\/\/zimmermann-untermeitingen.de\/wp-content\/uploads\/2022\/02\/header-opel-1024x428.jpg"}],"twitter_card":"summary_large_image","twitter_misc":{"Gesch\u00e4tzte Lesezeit":"1\u00a0Minute"},"schema":{"@context":"https:\/\/schema.org","@graph":[{"@type":"WebPage","@id":"https:\/\/zimmermann-untermeitingen.de\/?page_id=362","url":"https:\/\/zimmermann-untermeitingen.de\/?page_id=362","name":"Rund-um-Sorglos-Programm - Zimmermann","isPartOf":{"@id":"https:\/\/zimmermann-untermeitingen.de\/#website"},"datePublished":"2022-02-03T10:17:41+00:00","dateModified":"2022-02-07T16:06:18+00:00","breadcrumb":{"@id":"https:\/\/zimmermann-untermeitingen.de\/?page_id=362#breadcrumb"},"inLanguage":"de","potentialAction":[{"@type":"ReadAction","target":["https:\/\/zimmermann-untermeitingen.de\/?page_id=362"]}]},{"@type":"BreadcrumbList","@id":"https:\/\/zimmermann-untermeitingen.de\/?page_id=362#breadcrumb","itemListElement":[{"@type":"ListItem","position":1,"name":"Startseite","item":"https:\/\/zimmermann-untermeitingen.de\/"},{"@type":"ListItem","position":2,"name":"Rund-um-Sorglos-Programm"}]},{"@type":"WebSite","@id":"https:\/\/zimmermann-untermeitingen.de\/#website","url":"https:\/\/zimmermann-untermeitingen.de\/","name":"Zimmermann","description":"Autohaus","potentialAction":[{"@type":"SearchAction","target":{"@type":"EntryPoint","urlTemplate":"https:\/\/zimmermann-untermeitingen.de\/?s={search_term_string}"},"query-input":"required name=search_term_string"}],"inLanguage":"de"}]}},"_links":{"self":[{"href":"https:\/\/zimmermann-untermeitingen.de\/index.php?rest_route=\/wp\/v2\/pages\/362","targetHints":{"allow":["GET"]}}],"collection":[{"href":"https:\/\/zimmermann-untermeitingen.de\/index.php?rest_route=\/wp\/v2\/pages"}],"about":[{"href":"https:\/\/zimmermann-untermeitingen.de\/index.php?rest_route=\/wp\/v2\/types\/page"}],"author":[{"embeddable":true,"href":"https:\/\/zimmermann-untermeitingen.de\/index.php?rest_route=\/wp\/v2\/users\/1"}],"replies":[{"embeddable":true,"href":"https:\/\/zimmermann-untermeitingen.de\/index.php?rest_route=%2Fwp%2Fv2%2Fcomments&post=362"}],"version-history":[{"count":5,"href":"https:\/\/zimmermann-untermeitingen.de\/index.php?rest_route=\/wp\/v2\/pages\/362\/revisions"}],"predecessor-version":[{"id":556,"href":"https:\/\/zimmermann-untermeitingen.de\/index.php?rest_route=\/wp\/v2\/pages\/362\/revisions\/556"}],"wp:attachment":[{"href":"https:\/\/zimmermann-untermeitingen.de\/index.php?rest_route=%2Fwp%2Fv2%2Fmedia&parent=362"}],"curies":[{"name":"wp","href":"https:\/\/api.w.org\/{rel}","templated":true}]}}